{"id":229,"date":"2023-01-21T13:46:39","date_gmt":"2023-01-21T12:46:39","guid":{"rendered":"http:\/\/corinne-sallaberry.fr\/?page_id=229"},"modified":"2025-01-29T22:56:54","modified_gmt":"2025-01-29T21:56:54","slug":"connexion-a-la-nature","status":"publish","type":"page","link":"https:\/\/corinne-sallaberry.fr\/index.php\/connexion-a-la-nature\/","title":{"rendered":"Connexion \u00e0 la nature"},"content":{"rendered":"\n<figure class=\"wp-block-pullquote has-vivid-purple-color has-light-green-cyan-background-color has-text-color has-background has-link-color wp-elements-46dc14e3db8c5d5ee85f896d666364ce\"><blockquote><p>La nature est un bon guide. Quand on la vit, elle nous montre toujours le chemin.<\/p><\/blockquote><\/figure>\n\n\n\n<p>Lors de cette balade adapt\u00e9e \u00e0 tout le monde, je vous ferais d\u00e9couvrir un univers fantastique qu&rsquo;il m&rsquo;a \u00e9t\u00e9 donn\u00e9 de rencontrer il y a de cela quelques temps maintenant&#8230;.<\/p>\n\n\n\n<p>Un lieu magique empreint de multitudes de facettes les unes plus fantastiques que les autres o\u00f9 se m\u00ealent sorci\u00e8res, druides, f\u00e9es et \u00e9nergies divines&#8230;<\/p>\n\n\n\n<p>Cette d\u00e9couverte permet une immersion totale \u00e0 la nature qui regorge de tellement de bienfaits..<\/p>\n\n\n\n<p>Pendant ce laps de temps, vous serez d\u00e9connect\u00e9 de la r\u00e9alit\u00e9 environnante, recevrez un soin, des compr\u00e9hensions, bref de la magie&#8230;!!!<\/p>\n\n\n\n<figure class=\"wp-block-pullquote has-vivid-purple-color has-pale-ocean-gradient-background has-text-color has-background has-link-color wp-elements-0faf4b101a7d8db47876aef65a303f53\"><blockquote><p>Le vrai bonheur ne d\u00e9pend d&rsquo;aucun \u00eatre, d&rsquo;aucun objet ext\u00e9rieur. Il ne d\u00e9pend que de nous !! <\/p><cite>Dalai Lama<\/cite><\/blockquote><\/figure>\n\n\n\n<p class=\"has-text-align-right has-vivid-cyan-blue-color has-white-background-color has-text-color has-background has-link-color wp-elements-f412efea5de7715e7cdbbda58bf3c144\"><\/p>\n\n\n\n<p class=\"has-vivid-cyan-blue-color has-white-background-color has-text-color has-background has-link-color wp-elements-2b1ef163f3329d82cc46b5b6d68bc4b7\"><\/p>\n","protected":false},"excerpt":{"rendered":"<p>La nature est un bon guide. Quand on la vit, elle nous montre toujours le chemin. Lors de cette balade adapt\u00e9e \u00e0 tout le monde, je vous ferais d\u00e9couvrir un &hellip; <\/p>\n","protected":false},"author":1,"featured_media":232,"parent":0,"menu_order":0,"comment_status":"closed","ping_status":"closed","template":"","meta":{"footnotes":""},"class_list":["post-229","page","type-page","status-publish","has-post-thumbnail","hentry"],"_links":{"self":[{"href":"https:\/\/corinne-sallaberry.fr\/index.php\/wp-json\/wp\/v2\/pages\/229","targetHints":{"allow":["GET"]}}],"collection":[{"href":"https:\/\/corinne-sallaberry.fr\/index.php\/wp-json\/wp\/v2\/pages"}],"about":[{"href":"https:\/\/corinne-sallaberry.fr\/index.php\/wp-json\/wp\/v2\/types\/page"}],"author":[{"embeddable":true,"href":"https:\/\/corinne-sallaberry.fr\/index.php\/wp-json\/wp\/v2\/users\/1"}],"replies":[{"embeddable":true,"href":"https:\/\/corinne-sallaberry.fr\/index.php\/wp-json\/wp\/v2\/comments?post=229"}],"version-history":[{"count":3,"href":"https:\/\/corinne-sallaberry.fr\/index.php\/wp-json\/wp\/v2\/pages\/229\/revisions"}],"predecessor-version":[{"id":294,"href":"https:\/\/corinne-sallaberry.fr\/index.php\/wp-json\/wp\/v2\/pages\/229\/revisions\/294"}],"wp:featuredmedia":[{"embeddable":true,"href":"https:\/\/corinne-sallaberry.fr\/index.php\/wp-json\/wp\/v2\/media\/232"}],"wp:attachment":[{"href":"https:\/\/corinne-sallaberry.fr\/index.php\/wp-json\/wp\/v2\/media?parent=229"}],"curies":[{"name":"wp","href":"https:\/\/api.w.org\/{rel}","templated":true}]}}