{"id":266,"date":"2025-01-29T19:41:19","date_gmt":"2025-01-29T18:41:19","guid":{"rendered":"http:\/\/corinne-sallaberry.fr\/?page_id=266"},"modified":"2025-01-30T00:04:27","modified_gmt":"2025-01-29T23:04:27","slug":"purification-du-lieu","status":"publish","type":"page","link":"https:\/\/corinne-sallaberry.fr\/index.php\/purification-du-lieu\/","title":{"rendered":"Purification du Lieu"},"content":{"rendered":"\n<p class=\"has-vivid-cyan-blue-color has-vivid-green-cyan-background-color has-text-color has-background has-link-color wp-elements-deb2fd17ce3525477a4ea19c24f70d5b\">Nettoyage &#8211; 150\u20ac (\u00e0 voir en fonction de la taille) <\/p>\n\n\n\n<p>Recherche de :<\/p>\n\n\n\n<ul class=\"wp-block-list\">\n<li>magie noire, <\/li>\n\n\n\n<li>entit\u00e9, <\/li>\n\n\n\n<li>implant n\u00e9gatif, <\/li>\n\n\n\n<li>m\u00e9moires des murs, <\/li>\n\n\n\n<li>m\u00e9moires r\u00e9siduelles <\/li>\n<\/ul>\n\n\n\n<p>du lieu qui cr\u00e9ent des dissonances, des mauvaises fr\u00e9quences, des mauvaises \u00e9nergies ainsi que de la lourdeur dans le lieu&#8230;<\/p>\n\n\n\n<p>Par le biais des Annales Akashiques, je me connecte au lieu pour conna\u00eetre l&rsquo;histoire de la maison, du b\u00e2timent, de l&rsquo;entreprise &#8230;et ainsi v\u00e9rifier l&rsquo;\u00e9tat de \u00ab\u00a0sant\u00e9 \u00e9nerg\u00e9tique\u00a0\u00bb du lieu et de le purifier.<\/p>\n\n\n\n<p>Les lib\u00e9rations, les compr\u00e9hensions et les nettoyages permettent d&rsquo;\u00e9purer, d&rsquo;harmoniser, de dynamiser et d&rsquo;optimiser les \u00e9nergies du lieu.. afin d&rsquo;y apporter bien \u00eatre et l\u00e9g\u00e8ret\u00e9 !<\/p>\n\n\n\n<p class=\"has-light-green-cyan-color has-white-background-color has-text-color has-background has-link-color wp-elements-49bf4c4fc68bd14bdfe9be1ba7812b79\">Les \u00e9nergies d&rsquo;un lieu ont autant d&rsquo;impact que les n\u00f4tres ; tout est transmutable d&rsquo;un espace \u00e0 un autre, d&rsquo;un corps \u00e0 un autre&#8230;Prenez soin de vos \u00e9nergies propres et environnementales !!!<\/p>\n\n\n\n<figure class=\"wp-block-pullquote has-vivid-purple-color has-light-green-cyan-background-color has-text-color has-background has-link-color wp-elements-1df2fe631d81e53f9eec17eacc5d2016\"><blockquote><p>Toute intention porte une \u00e9nergie, fait en sorte que cette \u00e9nergie vienne toujours du coeur !!<\/p><\/blockquote><\/figure>\n\n\n\n<p><\/p>\n","protected":false},"excerpt":{"rendered":"<p>Nettoyage &#8211; 150\u20ac (\u00e0 voir en fonction de la taille) Recherche de : du lieu qui cr\u00e9ent des dissonances, des mauvaises fr\u00e9quences, des mauvaises \u00e9nergies ainsi que de la lourdeur &hellip; <\/p>\n","protected":false},"author":1,"featured_media":0,"parent":0,"menu_order":0,"comment_status":"closed","ping_status":"closed","template":"","meta":{"footnotes":""},"class_list":["post-266","page","type-page","status-publish","hentry"],"_links":{"self":[{"href":"https:\/\/corinne-sallaberry.fr\/index.php\/wp-json\/wp\/v2\/pages\/266","targetHints":{"allow":["GET"]}}],"collection":[{"href":"https:\/\/corinne-sallaberry.fr\/index.php\/wp-json\/wp\/v2\/pages"}],"about":[{"href":"https:\/\/corinne-sallaberry.fr\/index.php\/wp-json\/wp\/v2\/types\/page"}],"author":[{"embeddable":true,"href":"https:\/\/corinne-sallaberry.fr\/index.php\/wp-json\/wp\/v2\/users\/1"}],"replies":[{"embeddable":true,"href":"https:\/\/corinne-sallaberry.fr\/index.php\/wp-json\/wp\/v2\/comments?post=266"}],"version-history":[{"count":2,"href":"https:\/\/corinne-sallaberry.fr\/index.php\/wp-json\/wp\/v2\/pages\/266\/revisions"}],"predecessor-version":[{"id":310,"href":"https:\/\/corinne-sallaberry.fr\/index.php\/wp-json\/wp\/v2\/pages\/266\/revisions\/310"}],"wp:attachment":[{"href":"https:\/\/corinne-sallaberry.fr\/index.php\/wp-json\/wp\/v2\/media?parent=266"}],"curies":[{"name":"wp","href":"https:\/\/api.w.org\/{rel}","templated":true}]}}