{"id":281,"date":"2025-01-29T21:51:48","date_gmt":"2025-01-29T20:51:48","guid":{"rendered":"http:\/\/corinne-sallaberry.fr\/?page_id=281"},"modified":"2025-01-30T00:06:25","modified_gmt":"2025-01-29T23:06:25","slug":"soin-initiatique-au-voyage-astral","status":"publish","type":"page","link":"https:\/\/corinne-sallaberry.fr\/index.php\/soin-initiatique-au-voyage-astral\/","title":{"rendered":"Soin Initiatique au voyage astral"},"content":{"rendered":"\n<p class=\"has-pale-pink-color has-vivid-purple-background-color has-text-color has-background has-link-color wp-elements-5779c263adba101926a3432a4067d07c\">Session 1H30 &#8211; 80\u20ac (Pr\u00e9sentiel ou Visio)<\/p>\n\n\n\n<p>Venez vivre une m\u00e9ditation guid\u00e9e par ma voix pour vivre une exp\u00e9rience hors du temps, au del\u00e0 des fronti\u00e8res connues&#8230;<\/p>\n\n\n\n<p>Laissez vous transporter dans un voyage rempli d&rsquo;\u00e9motions, d&rsquo;inconnu, dans des espaces temps diff\u00e9rents &#8230; en toute s\u00e9curit\u00e9 &#8230; vers la d\u00e9couverte de votre animal totem, votre \u00e9nergie de pouvoir ou bien encore \u00e0 travers une vie ant\u00e9rieure ou sur un ailleurs&#8230;.<\/p>\n\n\n\n<p>Mon exp\u00e9rience du voyage astral m&rsquo;incite \u00e0 partager ce moment de grasse et de b\u00e9atitude pour d\u00e9couvrir une ou des facettes de votre \u00eatre divin et sup\u00e9rieur&#8230; <\/p>\n\n\n\n<p>En groupe ou en priv\u00e9, chaque voyage est insolite, hors du commun, magique, rempli d&rsquo;informations et de compr\u00e9hensions pour votre ascension spirituelle ou simplement pour votre \u00e9veil personnel &#8230;<\/p>\n\n\n\n<p>Recevez en direct un soin de nos \u00catres Divins ou bien de la Source&#8230;une mont\u00e9e vibratoire accompagnera votre retour pour votre plus grand b\u00e9n\u00e9fice&#8230;<\/p>\n\n\n\n<p>Laissez vous tenter par cette exp\u00e9rience envoutante en toute s\u00e9r\u00e9nit\u00e9 ; exp\u00e9rience qui sans aucun doute vous donnera l&rsquo;envie de recommencer&#8230;.<\/p>\n\n\n\n<figure class=\"wp-block-pullquote has-vivid-red-color has-pale-cyan-blue-background-color has-text-color has-background has-link-color wp-elements-fd50846556344f290af43b4745f0ed7f\"><blockquote><p>Je n&rsquo;ai jamais vu des fronti\u00e8res. J&rsquo;ai toutefois entendu qu&rsquo;elles existent dans la t\u00eate de certaines personnes.<\/p><\/blockquote><\/figure>\n\n\n\n<p><\/p>\n","protected":false},"excerpt":{"rendered":"<p>Session 1H30 &#8211; 80\u20ac (Pr\u00e9sentiel ou Visio) Venez vivre une m\u00e9ditation guid\u00e9e par ma voix pour vivre une exp\u00e9rience hors du temps, au del\u00e0 des fronti\u00e8res connues&#8230; Laissez vous transporter &hellip; <\/p>\n","protected":false},"author":1,"featured_media":0,"parent":0,"menu_order":0,"comment_status":"closed","ping_status":"closed","template":"","meta":{"footnotes":""},"class_list":["post-281","page","type-page","status-publish","hentry"],"_links":{"self":[{"href":"https:\/\/corinne-sallaberry.fr\/index.php\/wp-json\/wp\/v2\/pages\/281","targetHints":{"allow":["GET"]}}],"collection":[{"href":"https:\/\/corinne-sallaberry.fr\/index.php\/wp-json\/wp\/v2\/pages"}],"about":[{"href":"https:\/\/corinne-sallaberry.fr\/index.php\/wp-json\/wp\/v2\/types\/page"}],"author":[{"embeddable":true,"href":"https:\/\/corinne-sallaberry.fr\/index.php\/wp-json\/wp\/v2\/users\/1"}],"replies":[{"embeddable":true,"href":"https:\/\/corinne-sallaberry.fr\/index.php\/wp-json\/wp\/v2\/comments?post=281"}],"version-history":[{"count":3,"href":"https:\/\/corinne-sallaberry.fr\/index.php\/wp-json\/wp\/v2\/pages\/281\/revisions"}],"predecessor-version":[{"id":311,"href":"https:\/\/corinne-sallaberry.fr\/index.php\/wp-json\/wp\/v2\/pages\/281\/revisions\/311"}],"wp:attachment":[{"href":"https:\/\/corinne-sallaberry.fr\/index.php\/wp-json\/wp\/v2\/media?parent=281"}],"curies":[{"name":"wp","href":"https:\/\/api.w.org\/{rel}","templated":true}]}}