{"id":288,"date":"2025-01-29T22:40:04","date_gmt":"2025-01-29T21:40:04","guid":{"rendered":"http:\/\/corinne-sallaberry.fr\/?page_id=288"},"modified":"2025-01-29T22:53:46","modified_gmt":"2025-01-29T21:53:46","slug":"ateliers-deveil-spirituel","status":"publish","type":"page","link":"https:\/\/corinne-sallaberry.fr\/index.php\/ateliers-deveil-spirituel\/","title":{"rendered":"Ateliers d&rsquo;\u00e9veil spirituel"},"content":{"rendered":"\n<figure class=\"wp-block-pullquote has-text-color has-background has-link-color wp-elements-f0dcfe6fa67cbd972211b52240124294\" style=\"color:#fc00fad6;background-color:#dbda7b\"><blockquote><p>La premi\u00e8re difficult\u00e9 pour nous les hommes et femmes n&rsquo;est pas d&rsquo;apprendre, mais de d\u00e9sapprendre.<\/p><cite>Gloria Steinem <\/cite><\/blockquote><\/figure>\n\n\n\n<ul class=\"wp-block-list\">\n<li class=\"has-vivid-purple-color has-text-color has-link-color has-medium-font-size wp-elements-ac1a741855bb0293bc58f405d5da652a\">Chaque atelier 60\u20ac ( Pr\u00e9sentiel ou Visio &#8211; demi journ\u00e9e)   <\/li>\n\n\n\n<li class=\"has-vivid-purple-color has-text-color has-link-color has-medium-font-size wp-elements-ebef84473c9a0664d0135839d67e7bb4\">Forfait pour les 5 ateliers &#8211; 250\u20ac<\/li>\n<\/ul>\n\n\n\n<p class=\"has-text-align-center has-vivid-cyan-blue-color has-text-color has-link-color has-large-font-size wp-elements-7b3953461715881ec052b4a177e58510\"><strong>Initiation au pendule<\/strong><\/p>\n\n\n\n<p>D\u00e9couvrir les bases et les diff\u00e9rentes utilisations du pendule afin de penduler en toute s\u00e9curit\u00e9.<\/p>\n\n\n\n<ul class=\"wp-block-list\">\n<li>Comment le choisir ?<\/li>\n\n\n\n<li>Comment parler \u00e0 son pendule ? <\/li>\n\n\n\n<li>Protection<\/li>\n\n\n\n<li>Nettoyage du pendule<\/li>\n\n\n\n<li>Les erreurs \u00e0 ne pas faire&#8230;<\/li>\n<\/ul>\n\n\n\n<p class=\"has-text-align-center has-vivid-cyan-blue-color has-text-color has-link-color has-large-font-size wp-elements-573921b2ccad1d14513c11c0711a5088\"><strong>Harmonisation et Ancrage<\/strong><\/p>\n\n\n\n<p>Aligner ses \u00e9nergies, \u00eatre bien ancr\u00e9 dans le ici et le maintenant sont indispensables pour vivre en conscience et en bonne sant\u00e9.<\/p>\n\n\n\n<ul class=\"wp-block-list\">\n<li>Comment tester ses \u00e9nergies  et ses chackras ?<\/li>\n\n\n\n<li>Les diff\u00e9rents corps <\/li>\n\n\n\n<li>Comment faire son ancrage  et \u00e0 quoi \u00e7a sert ? etc&#8230;<\/li>\n<\/ul>\n\n\n\n<p class=\"has-text-align-center has-vivid-cyan-blue-color has-text-color has-link-color has-large-font-size wp-elements-58600ac83a6e11a06a02810044ae3c9b\"><strong>Purification Energ\u00e9tique<\/strong><\/p>\n\n\n\n<p>Pourquoi et comment prendre soin de ses \u00e9nergies, se prot\u00e9ger et nettoyer celles qui ne nous appartiennent pas &#8230;sur soi et son lieu de vie..<\/p>\n\n\n\n<ul class=\"wp-block-list\">\n<li>D\u00e9tecter les parasites et entit\u00e9s<\/li>\n\n\n\n<li>Ou et comment les renvoyer ? <\/li>\n\n\n\n<li>D\u00e9celer les \u00e9nergies contraires au lieu et autres espaces<\/li>\n\n\n\n<li>Comment restaurer ses corps et \u00e9nergies ? etc&#8230;<\/li>\n<\/ul>\n\n\n\n<p class=\"has-text-align-center has-vivid-cyan-blue-color has-text-color has-link-color has-large-font-size wp-elements-d2cc2e626bd34cddf00a0d09057640a4\"><strong>Ecriture Intuitive<\/strong><\/p>\n\n\n\n<ul class=\"wp-block-list\">\n<li>Diff\u00e9rence entre \u00e9criture auto et intuitive<\/li>\n\n\n\n<li>Quels sont les bienfaits ?<\/li>\n\n\n\n<li>Comment d\u00e9buter ?<\/li>\n\n\n\n<li>Comment pratiquer ?<\/li>\n\n\n\n<li>Ecriture en elle m\u00eame&#8230;<\/li>\n<\/ul>\n\n\n\n<p class=\"has-text-align-center has-vivid-cyan-blue-color has-text-color has-link-color has-large-font-size wp-elements-eb744d05e0fec3ae12e6f35f2815d300\"><strong>Soin au pendule<\/strong><\/p>\n\n\n\n<ul class=\"wp-block-list\">\n<li>Comment r\u00e9aliser un soin au pendule ?<\/li>\n\n\n\n<li>Les ondes de formes&#8230;<\/li>\n\n\n\n<li>A distance ou en pr\u00e9sentiel..<\/li>\n\n\n\n<li>Se prot\u00e9ger &#8230;<\/li>\n<\/ul>\n\n\n\n<p class=\"has-vivid-green-cyan-color has-text-color has-link-color wp-elements-9fcdfa461fcccd2d02cca8dfe0c80eba\">Et d&rsquo;autres \u00e0 suivre en fonction des demandes&#8230;<\/p>\n\n\n\n<div class=\"wp-block-group\"><div class=\"wp-block-group__inner-container is-layout-flow wp-block-group-is-layout-flow\">\n<figure class=\"wp-block-pullquote has-vivid-purple-color has-text-color has-background has-link-color has-medium-font-size wp-elements-bbb1460eb6e167a2fc7d30610161b377\" style=\"background-color:#dbd47b\"><blockquote><p>L&rsquo;apprentissage ne consiste pas \u00e0 gagner mais \u00e0 s&rsquo;\u00e9panouir &#8230;. <\/p><cite>Sadhguru<\/cite><\/blockquote><\/figure>\n<\/div><\/div>\n\n\n\n<p><\/p>\n","protected":false},"excerpt":{"rendered":"<p>La premi\u00e8re difficult\u00e9 pour nous les hommes et femmes n&rsquo;est pas d&rsquo;apprendre, mais de d\u00e9sapprendre. Gloria Steinem Initiation au pendule D\u00e9couvrir les bases et les diff\u00e9rentes utilisations du pendule afin &hellip; <\/p>\n","protected":false},"author":1,"featured_media":0,"parent":0,"menu_order":0,"comment_status":"closed","ping_status":"closed","template":"","meta":{"footnotes":""},"class_list":["post-288","page","type-page","status-publish","hentry"],"_links":{"self":[{"href":"https:\/\/corinne-sallaberry.fr\/index.php\/wp-json\/wp\/v2\/pages\/288","targetHints":{"allow":["GET"]}}],"collection":[{"href":"https:\/\/corinne-sallaberry.fr\/index.php\/wp-json\/wp\/v2\/pages"}],"about":[{"href":"https:\/\/corinne-sallaberry.fr\/index.php\/wp-json\/wp\/v2\/types\/page"}],"author":[{"embeddable":true,"href":"https:\/\/corinne-sallaberry.fr\/index.php\/wp-json\/wp\/v2\/users\/1"}],"replies":[{"embeddable":true,"href":"https:\/\/corinne-sallaberry.fr\/index.php\/wp-json\/wp\/v2\/comments?post=288"}],"version-history":[{"count":3,"href":"https:\/\/corinne-sallaberry.fr\/index.php\/wp-json\/wp\/v2\/pages\/288\/revisions"}],"predecessor-version":[{"id":292,"href":"https:\/\/corinne-sallaberry.fr\/index.php\/wp-json\/wp\/v2\/pages\/288\/revisions\/292"}],"wp:attachment":[{"href":"https:\/\/corinne-sallaberry.fr\/index.php\/wp-json\/wp\/v2\/media?parent=288"}],"curies":[{"name":"wp","href":"https:\/\/api.w.org\/{rel}","templated":true}]}}