{"id":48,"date":"2023-01-14T12:45:04","date_gmt":"2023-01-14T11:45:04","guid":{"rendered":"http:\/\/corinne-sallaberry.fr\/?page_id=48"},"modified":"2025-01-30T00:11:37","modified_gmt":"2025-01-29T23:11:37","slug":"prestations","status":"publish","type":"page","link":"https:\/\/corinne-sallaberry.fr\/index.php\/prestations\/","title":{"rendered":"Lecture d&rsquo;\u00e2me"},"content":{"rendered":"\n<h2 class=\"wp-block-heading has-vivid-cyan-blue-color has-text-color has-large-font-size\">Lecture d&rsquo;\u00e2me ou akashique<\/h2>\n\n\n\n<p class=\"has-vivid-cyan-blue-color has-pale-cyan-blue-background-color has-text-color has-background\">Consultation 2H00 &#8211; 150\u20ac (Pr\u00e9sentiel ou Visio)<\/p>\n\n\n\n<p class=\"has-white-color has-light-green-cyan-background-color has-text-color has-background\"><strong><em>Faire une lecture d&rsquo;\u00e2me ou akashique, c&rsquo;est acc\u00e9der \u00e0 son Tr\u00e9sor personnel, son Histoire propre, c&rsquo;est s&rsquo;autoriser \u00e0 retrouver son plein pouvoir et poursuivre son \u00e9volution.  Avoir acc\u00e8s \u00e0 vos vies pass\u00e9es n&rsquo;a de sens que si votre intention est de comprendre de quelle mani\u00e8re vos vies ant\u00e9rieures impactent votre pr\u00e9sent. Il ne s&rsquo;agit pas de voyance mais d&rsquo;un accompagnement pour vous donner les informations dont vous avez besoin pour comprendre ce qui vous arrive. Un chemin personnel vers la r\u00e9cup\u00e9ration de la meilleure version de vous m\u00eame !!! <\/em><\/strong><\/p>\n\n\n\n<p class=\"has-vivid-cyan-blue-color has-text-color has-medium-font-size\"><strong><em>Pour Qui ?<\/em><\/strong><\/p>\n\n\n\n<p class=\"has-pale-cyan-blue-color has-text-color\"><strong><em>Toutes les personnes ayant :<\/em><\/strong><\/p>\n\n\n\n<ul class=\"wp-block-list\">\n<li>des peurs irraisonn\u00e9es<\/li>\n\n\n\n<li>des croyances polluantes<\/li>\n\n\n\n<li>des blocages limitants (financier, professionnel&#8230;)<\/li>\n\n\n\n<li>des difficult\u00e9s relationnelles (contrat d&rsquo;\u00e2me)<\/li>\n\n\n\n<li>des sch\u00e9mas r\u00e9p\u00e9titifs bloquants<\/li>\n\n\n\n<li>des conflits familiaux (<strong>transg\u00e9n\u00e9rationnel<\/strong> )<\/li>\n\n\n\n<li>des difficult\u00e9s amoureuses (\u00e2me s\u0153ur, flamme jumelle &#8230;)<\/li>\n\n\n\n<li>une sensation de mal \u00eatre profond (d\u00e9pression, burn-out )<\/li>\n\n\n\n<li>l&rsquo;impression que le sort s&rsquo;acharne sur eux (jamais 2 sans 3, pourquoi toujours moi &#8230; )<\/li>\n<\/ul>\n\n\n\n<p class=\"has-pale-cyan-blue-color has-text-color\"><strong><em>mais \u00e9galement pour les personnes souhaitant <\/em><\/strong><\/p>\n\n\n\n<ul class=\"wp-block-list\">\n<li>comprendre le sens de leur vie (incarnation, impression d&rsquo;inachev\u00e9 ou de d\u00e9j\u00e0 vue, blocage sur le pass\u00e9, deuil, rupture&#8230;.)<\/li>\n\n\n\n<li>acc\u00e9der \u00e0 leur Etre V\u00e9ritable<\/li>\n\n\n\n<li>retrouver leur chemin de vie (mission)<\/li>\n\n\n\n<li>interpr\u00e9ter leurs r\u00eaves <\/li>\n<\/ul>\n\n\n\n<p><\/p>\n\n\n\n<p class=\"has-vivid-cyan-blue-color has-text-color has-medium-font-size\"><strong><em>Comment ?<\/em><\/strong><\/p>\n\n\n\n<p>Apr\u00e8s une <strong><em>connexion \u00e9tablie de c\u0153ur \u00e0 c\u0153ur<\/em><\/strong> et l&rsquo;ouverture de vos archives ( <a href=\"https:\/\/corinne-sallaberry.fr\/index.php\/les-archives\/\" data-type=\"page\" data-id=\"47\">en savoir plus sur les Archives<\/a> )  je vous r\u00e9v\u00e8le ce que votre \u00e2me a v\u00e9cu, afin de prendre conscience de <strong><em>vos blocages, vos peurs, vos croyances limitantes<\/em><\/strong> dont vous ne parvenez pas \u00e0 comprendre l&rsquo;origine.<\/p>\n\n\n\n<p>Apr\u00e8s cette prise de conscience, nous allons lib\u00e9rer et nettoyer les empreintes \u00e9nerg\u00e9tiques n\u00e9gatives de vos m\u00e9moires.<\/p>\n\n\n\n<p class=\"has-vivid-cyan-blue-color has-text-color has-medium-font-size\"><strong><em>B\u00e9n\u00e9fices<\/em><\/strong> <strong><em>:<\/em><\/strong><\/p>\n\n\n\n<ul class=\"wp-block-list\">\n<li>ne pas reproduire les erreurs du pass\u00e9<\/li>\n\n\n\n<li>transformer vos rapports aux autres <\/li>\n\n\n\n<li>d\u00e9couvrir et actionner votre mission de vie<\/li>\n\n\n\n<li>et retrouver, <strong><em>enfin,<\/em><\/strong> une vie plus sereine, plus l\u00e9g\u00e8re et en paix avec vous m\u00eame,<\/li>\n<\/ul>\n\n\n\n<p><\/p>\n\n\n\n<figure class=\"wp-block-pullquote has-vivid-cyan-blue-color has-light-green-cyan-background-color has-text-color has-background\"><blockquote><p><em><strong>\u00ab\u00a0Le vrai bonheur ne d\u00e9pend d&rsquo;aucun \u00eatre, d&rsquo;aucun objet ext\u00e9rieur, il ne d\u00e9pend que de nous.\u00a0\u00bb<\/strong><\/em><\/p><cite><strong><em>Dala\u00ef<\/em><\/strong> <strong>Lama<\/strong><\/cite><\/blockquote><\/figure>\n\n\n\n<p class=\"has-text-align-right has-vivid-green-cyan-color has-text-color\"><\/p>\n\n\n\n<p><\/p>\n","protected":false},"excerpt":{"rendered":"<p>Lecture d&rsquo;\u00e2me ou akashique Consultation 2H00 &#8211; 150\u20ac (Pr\u00e9sentiel ou Visio) Faire une lecture d&rsquo;\u00e2me ou akashique, c&rsquo;est acc\u00e9der \u00e0 son Tr\u00e9sor personnel, son Histoire propre, c&rsquo;est s&rsquo;autoriser \u00e0 retrouver &hellip; <\/p>\n","protected":false},"author":1,"featured_media":203,"parent":0,"menu_order":0,"comment_status":"closed","ping_status":"closed","template":"","meta":{"footnotes":""},"class_list":["post-48","page","type-page","status-publish","has-post-thumbnail","hentry"],"_links":{"self":[{"href":"https:\/\/corinne-sallaberry.fr\/index.php\/wp-json\/wp\/v2\/pages\/48","targetHints":{"allow":["GET"]}}],"collection":[{"href":"https:\/\/corinne-sallaberry.fr\/index.php\/wp-json\/wp\/v2\/pages"}],"about":[{"href":"https:\/\/corinne-sallaberry.fr\/index.php\/wp-json\/wp\/v2\/types\/page"}],"author":[{"embeddable":true,"href":"https:\/\/corinne-sallaberry.fr\/index.php\/wp-json\/wp\/v2\/users\/1"}],"replies":[{"embeddable":true,"href":"https:\/\/corinne-sallaberry.fr\/index.php\/wp-json\/wp\/v2\/comments?post=48"}],"version-history":[{"count":16,"href":"https:\/\/corinne-sallaberry.fr\/index.php\/wp-json\/wp\/v2\/pages\/48\/revisions"}],"predecessor-version":[{"id":315,"href":"https:\/\/corinne-sallaberry.fr\/index.php\/wp-json\/wp\/v2\/pages\/48\/revisions\/315"}],"wp:featuredmedia":[{"embeddable":true,"href":"https:\/\/corinne-sallaberry.fr\/index.php\/wp-json\/wp\/v2\/media\/203"}],"wp:attachment":[{"href":"https:\/\/corinne-sallaberry.fr\/index.php\/wp-json\/wp\/v2\/media?parent=48"}],"curies":[{"name":"wp","href":"https:\/\/api.w.org\/{rel}","templated":true}]}}